{"id":28,"date":"2023-11-09T22:01:36","date_gmt":"2023-11-09T22:01:36","guid":{"rendered":"https:\/\/backup.wieczerzak.pl\/?page_id=28"},"modified":"2023-12-17T12:58:56","modified_gmt":"2023-12-17T12:58:56","slug":"template","status":"publish","type":"page","link":"https:\/\/backup.wieczerzak.pl\/","title":{"rendered":"Strona g\u0142\u00f3wna"},"content":{"rendered":"\n<p>Witaj na mojej osobistej witrynie internetowej. Nazywam si\u0119 Grzegorz Wieczerzak i moj\u0105 pasj\u0105 jest in\u017cynieria oprogramowania.<\/p>\n\n\n\n<p>Jestem got\u00f3w zapewni\u0107 Ci profesjonalne i innowacyjne rozwi\u0105zania programistyczne, kt\u00f3re spe\u0142ni\u0105 Twoje unikalne potrzeby. Moje umiej\u0119tno\u015bci obejmuj\u0105 szeroki zakres dziedzin, od tworzenia aplikacji po zaawansowan\u0105 in\u017cynieri\u0119 danych.<\/p>\n\n\n\n<p>Dzi\u0119ki mojej pasji do programowania i wiedzy technicznej, mog\u0119 dostarczy\u0107 efektywne rozwi\u0105zania, kt\u00f3re nap\u0119dz\u0105 rozw\u00f3j Twojego biznesu. Niezale\u017cnie od tego, czy potrzebujesz spersonalizowanej aplikacji, optymalizacji kodu czy zaawansowanej analizy danych, jestem got\u00f3w sprosta\u0107 Twoim oczekiwaniom.<\/p>\n\n\n\n<p>Przekonaj si\u0119, jak mo\u017cemy razem zrealizowa\u0107 Twoje cele technologiczne i osi\u0105gn\u0105\u0107 sukces w dziedzinie programowania oraz in\u017cynierii danych. Zapraszam do zapoznania si\u0119 z moimi dotychczasowymi projektami i skontaktowania si\u0119 ze mn\u0105, aby om\u00f3wi\u0107, jak mog\u0119 wesprze\u0107 Tw\u00f3j rozw\u00f3j technologiczny.<\/p>\n\n\n\n<p>Zapraszam r\u00f3wnie\u017c do zapoznania si\u0119 z informacjami o moich zainteresowaniach, d\u0105\u017ceniach, rodzinie, kt\u00f3re wype\u0142niaj\u0105 lwi\u0105 cz\u0119\u015b\u0107 mojego \u017cycia.<\/p>\n\n\n\n<figure class=\"wp-block-image size-full\"><img loading=\"lazy\" decoding=\"async\" width=\"768\" height=\"512\" src=\"https:\/\/backup.wieczerzak.pl\/wp-content\/uploads\/2023\/11\/12664ef761d92b968.15297915-768x512-1.jpg\" alt=\"\" class=\"wp-image-37\" srcset=\"https:\/\/backup.wieczerzak.pl\/wp-content\/uploads\/2023\/11\/12664ef761d92b968.15297915-768x512-1.jpg 768w, https:\/\/backup.wieczerzak.pl\/wp-content\/uploads\/2023\/11\/12664ef761d92b968.15297915-768x512-1-300x200.jpg 300w\" sizes=\"(max-width: 768px) 100vw, 768px\" \/><\/figure>\n","protected":false},"excerpt":{"rendered":"<p>Witaj na mojej osobistej witrynie internetowej. Nazywam si\u0119 Grzegorz Wieczerzak i moj\u0105 pasj\u0105 jest in\u017cynieria oprogramowania. Jestem got\u00f3w zapewni\u0107 Ci profesjonalne i innowacyjne rozwi\u0105zania programistyczne, kt\u00f3re spe\u0142ni\u0105 Twoje unikalne potrzeby. Moje umiej\u0119tno\u015bci obejmuj\u0105 szeroki zakres dziedzin, od tworzenia aplikacji po zaawansowan\u0105 in\u017cynieri\u0119 danych. Dzi\u0119ki mojej pasji do programowania i wiedzy technicznej, mog\u0119 dostarczy\u0107 efektywne rozwi\u0105zania, &hellip; <a href=\"https:\/\/backup.wieczerzak.pl\/\" class=\"more-link\">Czytaj dalej <span class=\"screen-reader-text\">Strona g\u0142\u00f3wna<\/span><\/a><\/p>\n","protected":false},"author":1,"featured_media":0,"parent":0,"menu_order":0,"comment_status":"closed","ping_status":"closed","template":"","meta":{"footnotes":""},"_links":{"self":[{"href":"https:\/\/backup.wieczerzak.pl\/index.php?rest_route=\/wp\/v2\/pages\/28"}],"collection":[{"href":"https:\/\/backup.wieczerzak.pl\/index.php?rest_route=\/wp\/v2\/pages"}],"about":[{"href":"https:\/\/backup.wieczerzak.pl\/index.php?rest_route=\/wp\/v2\/types\/page"}],"author":[{"embeddable":true,"href":"https:\/\/backup.wieczerzak.pl\/index.php?rest_route=\/wp\/v2\/users\/1"}],"replies":[{"embeddable":true,"href":"https:\/\/backup.wieczerzak.pl\/index.php?rest_route=%2Fwp%2Fv2%2Fcomments&post=28"}],"version-history":[{"count":9,"href":"https:\/\/backup.wieczerzak.pl\/index.php?rest_route=\/wp\/v2\/pages\/28\/revisions"}],"predecessor-version":[{"id":62,"href":"https:\/\/backup.wieczerzak.pl\/index.php?rest_route=\/wp\/v2\/pages\/28\/revisions\/62"}],"wp:attachment":[{"href":"https:\/\/backup.wieczerzak.pl\/index.php?rest_route=%2Fwp%2Fv2%2Fmedia&parent=28"}],"curies":[{"name":"wp","href":"https:\/\/api.w.org\/{rel}","templated":true}]}}