{"id":44,"date":"2023-11-09T22:26:17","date_gmt":"2023-11-09T22:26:17","guid":{"rendered":"https:\/\/backup.wieczerzak.pl\/?page_id=44"},"modified":"2023-12-17T15:08:16","modified_gmt":"2023-12-17T15:08:16","slug":"prywatnie","status":"publish","type":"page","link":"https:\/\/backup.wieczerzak.pl\/?page_id=44","title":{"rendered":"Prywatnie"},"content":{"rendered":"\n<p>Witaj na mojej stronie, gdzie chcia\u0142bym podzieli\u0107 si\u0119 aspektami mojego \u017cycia prywatnego, czyli zainteresowaniami pozazawodowymi, kt\u00f3re staram si\u0119 rozwija\u0107. Du\u017cy wp\u0142yw na ten obszar ma moja rodzina, z kt\u00f3r\u0105 staram si\u0119 sp\u0119dza\u0107 odpowiedni\u0105 ilo\u015b\u0107 czasu.<\/p>\n\n\n\n<h3 class=\"wp-block-heading\">O mnie<\/h3>\n\n\n\n<p>Jestem pasjonatem technologii i programowania, ale poza \u015bwiatem kodowania istnieje wiele innych obszar\u00f3w, kt\u00f3re stanowi\u0105 integraln\u0105 cz\u0119\u015b\u0107 mojego \u017cycia.<\/p>\n\n\n\n<h3 class=\"wp-block-heading\">\u017bycie Prywatne<\/h3>\n\n\n\n<p>W \u017cyciu prywatnym ceni\u0119 spok\u00f3j i harmoni\u0119. Uwielbiam chwile sp\u0119dzone w gronie rodziny i przyjaci\u00f3\u0142, kt\u00f3re s\u0105 dla mnie najwa\u017cniejsze. To w\u0142a\u015bnie one dostarczaj\u0105 mi energii i inspiracji do podejmowania nowych wyzwa\u0144 zawodowych.<\/p>\n\n\n\n<h3 class=\"wp-block-heading\">Zainteresowania<\/h3>\n\n\n\n<p>Opr\u00f3cz kodowania, pasjonuj\u0119 si\u0119 podr\u00f3\u017cami, literatur\u0105, sztuk\u0105 i sportem. Wa\u017cne jest dla mnie znalezienie r\u00f3wnowagi mi\u0119dzy \u015bwiatem cyfrowym a rzeczywistym, dlatego staram si\u0119 po\u015bwi\u0119ca\u0107 czas r\u00f3\u017cnorodnym zainteresowaniom.<\/p>\n\n\n\n<h3 class=\"wp-block-heading\">Rodzina<\/h3>\n\n\n\n<p>Rodzina jest dla mnie fundamentem \u017cycia. D\u0105\u017c\u0119 do tego, aby ka\u017cdy dzie\u0144 by\u0142 dla mnie okazj\u0105 do budowania silniejszych wi\u0119zi z bliskimi. Wierz\u0119, \u017ce wsparcie rodziny stanowi klucz do osi\u0105gania sukces\u00f3w i pokonywania trudno\u015bci.<\/p>\n\n\n\n<h3 class=\"wp-block-heading\">Ciekawostki<\/h3>\n\n\n\n<p>Jedn\u0105 z moich ulubionych form sp\u0119dzania wolnego czasu s\u0105 g\u00f3rskie w\u0119dr\u00f3wki. Na pocz\u0105tku pa\u017adziernika 2022 roku wzi\u0105\u0142em udzia\u0142 w pieszym maratonie w G\u00f3rach \u015awi\u0119tokrzyskich. Je\u015bli chcesz poczu\u0107 troch\u0119 klimat, jaki towarzyszy takiej imprezie, obejrzyj przygotowan\u0105 przeze mnie relacj\u0119 z tego wydarzenia.<\/p>\n\n\n\n<figure class=\"wp-block-embed is-type-video is-provider-youtube wp-block-embed-youtube wp-embed-aspect-16-9 wp-has-aspect-ratio\"><div class=\"wp-block-embed__wrapper\">\n<iframe loading=\"lazy\" title=\"50. \u015awietokrzyska 2023\" width=\"660\" height=\"371\" src=\"https:\/\/www.youtube.com\/embed\/mnM53ycOYzk?feature=oembed\" frameborder=\"0\" allow=\"accelerometer; autoplay; clipboard-write; encrypted-media; gyroscope; picture-in-picture; web-share\" referrerpolicy=\"strict-origin-when-cross-origin\" allowfullscreen><\/iframe>\n<\/div><\/figure>\n\n\n\n<h3 class=\"wp-block-heading\">Kontakt<\/h3>\n\n\n\n<p>Je\u015bli masz pytania, chcia\u0142by\u015b podzieli\u0107 si\u0119 swoimi do\u015bwiadczeniami lub po prostu porozmawia\u0107, \u015bmia\u0142o napisz do mnie. Ciesz\u0119 si\u0119, \u017ce mo\u017cemy si\u0119 lepiej pozna\u0107!<\/p>\n\n\n\n<p>Dzi\u0119kuj\u0119 za odwiedzenie mojej strony i dzielenie ze mn\u0105 chwilami \u017cycia prywatnego. Mam nadziej\u0119, \u017ce r\u00f3wnie\u017c Ty znajdziesz tutaj co\u015b inspiruj\u0105cego.<\/p>\n","protected":false},"excerpt":{"rendered":"<p>Witaj na mojej stronie, gdzie chcia\u0142bym podzieli\u0107 si\u0119 aspektami mojego \u017cycia prywatnego, czyli zainteresowaniami pozazawodowymi, kt\u00f3re staram si\u0119 rozwija\u0107. Du\u017cy wp\u0142yw na ten obszar ma moja rodzina, z kt\u00f3r\u0105 staram si\u0119 sp\u0119dza\u0107 odpowiedni\u0105 ilo\u015b\u0107 czasu. O mnie Jestem pasjonatem technologii i programowania, ale poza \u015bwiatem kodowania istnieje wiele innych obszar\u00f3w, kt\u00f3re stanowi\u0105 integraln\u0105 cz\u0119\u015b\u0107 mojego &hellip; <a href=\"https:\/\/backup.wieczerzak.pl\/?page_id=44\" class=\"more-link\">Czytaj dalej <span class=\"screen-reader-text\">Prywatnie<\/span><\/a><\/p>\n","protected":false},"author":1,"featured_media":0,"parent":0,"menu_order":0,"comment_status":"closed","ping_status":"closed","template":"","meta":{"footnotes":""},"_links":{"self":[{"href":"https:\/\/backup.wieczerzak.pl\/index.php?rest_route=\/wp\/v2\/pages\/44"}],"collection":[{"href":"https:\/\/backup.wieczerzak.pl\/index.php?rest_route=\/wp\/v2\/pages"}],"about":[{"href":"https:\/\/backup.wieczerzak.pl\/index.php?rest_route=\/wp\/v2\/types\/page"}],"author":[{"embeddable":true,"href":"https:\/\/backup.wieczerzak.pl\/index.php?rest_route=\/wp\/v2\/users\/1"}],"replies":[{"embeddable":true,"href":"https:\/\/backup.wieczerzak.pl\/index.php?rest_route=%2Fwp%2Fv2%2Fcomments&post=44"}],"version-history":[{"count":6,"href":"https:\/\/backup.wieczerzak.pl\/index.php?rest_route=\/wp\/v2\/pages\/44\/revisions"}],"predecessor-version":[{"id":75,"href":"https:\/\/backup.wieczerzak.pl\/index.php?rest_route=\/wp\/v2\/pages\/44\/revisions\/75"}],"wp:attachment":[{"href":"https:\/\/backup.wieczerzak.pl\/index.php?rest_route=%2Fwp%2Fv2%2Fmedia&parent=44"}],"curies":[{"name":"wp","href":"https:\/\/api.w.org\/{rel}","templated":true}]}}