{"id":88,"date":"2023-12-25T19:07:14","date_gmt":"2023-12-25T19:07:14","guid":{"rendered":"https:\/\/backup.wieczerzak.pl\/?page_id=88"},"modified":"2023-12-25T19:07:14","modified_gmt":"2023-12-25T19:07:14","slug":"studia-podyplomowe-java-ee","status":"publish","type":"page","link":"https:\/\/backup.wieczerzak.pl\/?page_id=88","title":{"rendered":"Studia Podyplomowe Java EE"},"content":{"rendered":"\n<p>W okresie od pa\u017adziernika 2021 do czerwca 2022 by\u0142em s\u0142uchaczem studi\u00f3w podyplomowych na Politechnice Warszawskiej. Powodem, dla kt\u00f3rego zdecydowa\u0142em si\u0119 na wyb\u00f3r kierunku &#8222;Java EE &#8211; produkcja oprogramowania&#8221;, by\u0142a ciekawa oferta uczelni, k\u0142ad\u0105ca nacisk na praktyczne wykorzystanie zdobywanej wiedzy. Z punktu widzenia programisty do\u015bwiadczenie zdobywa si\u0119 przez pisanie kodu i poprawianie b\u0142\u0119d\u00f3w. I w\u0142a\u015bnie na tych studiach do takiego podej\u015bcia wielokrotnie zach\u0119cali wyk\u0142adowcy. Ka\u017cdy element wyk\u0142adu mia\u0142 swoje praktyczne rozwini\u0119cie w zadaniach laboratoryjnych. Fina\u0142em studi\u00f3w by\u0142a realizacja projektu ko\u0144cowego, w kt\u00f3rym by\u0142y elementy pracy zespo\u0142owej.<\/p>\n\n\n\n<p>Poni\u017cej przedstawiam w skr\u00f3cie tematyk\u0119 i moje osi\u0105gni\u0119cia na poszczeg\u00f3lnych przedmiotach. Jest to dla mnie punkt wyj\u015bcia do pog\u0142\u0119biania informacji, kt\u00f3re wykorzystuj\u0119 w swojej pracy zawodowej.<\/p>\n\n\n\n<p>Podstawy programowania w Javie<\/p>\n\n\n\n<p>Programowanie obiektowe<\/p>\n\n\n\n<p>Programowanie zdarzeniowe<\/p>\n\n\n\n<p>Interfejs u\u017cytkownika<\/p>\n\n\n\n<p>Produkcja i testowanie oprogramowania<\/p>\n\n\n\n<p>Projekt przej\u015bciowy<\/p>\n\n\n\n<p>Struktury danych<\/p>\n\n\n\n<p>Aplikacje w technologii Java EE<\/p>\n\n\n\n<p>Wybrane elementy technologii Java<\/p>\n\n\n\n<p>Obs\u0142uga baz danych<\/p>\n\n\n\n<p>Projekt ko\u0144cowy<\/p>\n","protected":false},"excerpt":{"rendered":"<p>W okresie od pa\u017adziernika 2021 do czerwca 2022 by\u0142em s\u0142uchaczem studi\u00f3w podyplomowych na Politechnice Warszawskiej. Powodem, dla kt\u00f3rego zdecydowa\u0142em si\u0119 na wyb\u00f3r kierunku &#8222;Java EE &#8211; produkcja oprogramowania&#8221;, by\u0142a ciekawa oferta uczelni, k\u0142ad\u0105ca nacisk na praktyczne wykorzystanie zdobywanej wiedzy. Z punktu widzenia programisty do\u015bwiadczenie zdobywa si\u0119 przez pisanie kodu i poprawianie b\u0142\u0119d\u00f3w. I w\u0142a\u015bnie na &hellip; <a href=\"https:\/\/backup.wieczerzak.pl\/?page_id=88\" class=\"more-link\">Czytaj dalej <span class=\"screen-reader-text\">Studia Podyplomowe Java EE<\/span><\/a><\/p>\n","protected":false},"author":1,"featured_media":0,"parent":0,"menu_order":0,"comment_status":"closed","ping_status":"closed","template":"","meta":{"footnotes":""},"_links":{"self":[{"href":"https:\/\/backup.wieczerzak.pl\/index.php?rest_route=\/wp\/v2\/pages\/88"}],"collection":[{"href":"https:\/\/backup.wieczerzak.pl\/index.php?rest_route=\/wp\/v2\/pages"}],"about":[{"href":"https:\/\/backup.wieczerzak.pl\/index.php?rest_route=\/wp\/v2\/types\/page"}],"author":[{"embeddable":true,"href":"https:\/\/backup.wieczerzak.pl\/index.php?rest_route=\/wp\/v2\/users\/1"}],"replies":[{"embeddable":true,"href":"https:\/\/backup.wieczerzak.pl\/index.php?rest_route=%2Fwp%2Fv2%2Fcomments&post=88"}],"version-history":[{"count":2,"href":"https:\/\/backup.wieczerzak.pl\/index.php?rest_route=\/wp\/v2\/pages\/88\/revisions"}],"predecessor-version":[{"id":90,"href":"https:\/\/backup.wieczerzak.pl\/index.php?rest_route=\/wp\/v2\/pages\/88\/revisions\/90"}],"wp:attachment":[{"href":"https:\/\/backup.wieczerzak.pl\/index.php?rest_route=%2Fwp%2Fv2%2Fmedia&parent=88"}],"curies":[{"name":"wp","href":"https:\/\/api.w.org\/{rel}","templated":true}]}}