{"id":97,"date":"2024-02-15T13:45:01","date_gmt":"2024-02-15T13:45:01","guid":{"rendered":"https:\/\/backup.wieczerzak.pl\/?page_id=97"},"modified":"2024-02-15T14:23:11","modified_gmt":"2024-02-15T14:23:11","slug":"ciagly-rozwoj","status":"publish","type":"page","link":"https:\/\/backup.wieczerzak.pl\/?page_id=97","title":{"rendered":"Ci\u0105g\u0142y rozw\u00f3j"},"content":{"rendered":"\n<p>Ka\u017cdy informatyk, tak jak specjalista w innym zawodzie, np. lekarz, budowlaniec czy ekonomista, wcze\u015bniej czy p\u00f3\u017aniej wybiera swoj\u0105 ulubion\u0105 specjalizacj\u0119. Postrzeganie danego zawodu i zakresu umiej\u0119tno\u015bci, jakimi powinien cechowa\u0107 si\u0119 dany specjalista, mo\u017ce by\u0107 r\u00f3\u017cne u os\u00f3b trzecich. \u017bartobliwe postrzeganie informatyka jako osoby, kt\u00f3ra szybko rozwi\u0105\u017ce problem z drukark\u0105 czy niedzia\u0142aj\u0105c\u0105 myszk\u0105, miejmy nadziej\u0119, pozosta\u0142o \u017ar\u00f3d\u0142em inspiracji dla tw\u00f3rc\u00f3w \u015bmiesznych mem\u00f3w.<\/p>\n\n\n\n<p>Rozw\u00f3j technologiczny, z jakim mieli\u015bmy do czynienia w ostatnich 50 latach, jest imponuj\u0105cy. W moim przypadku obserwuj\u0119 ten rozw\u00f3j szczeg\u00f3lnie od roku 1997, odk\u0105d wiedz\u0119 o informatyce zg\u0142\u0119bia\u0142em na poziomie szko\u0142y wy\u017cszej oraz korzystaj\u0105c z tej wiedzy zawodowo. Wyzwania, z jakimi zmierza\u0142em si\u0119 w tych pracach wymaga\u0142y cz\u0119sto nad\u0105\u017canie za zmianami w terminologii, narz\u0119dziach, procesach wytwarzania.<\/p>\n\n\n\n<p>W tym miejscu kr\u00f3tko podsumuj\u0119 swoje do\u015bwiadczenia edukacyjne.<\/p>\n","protected":false},"excerpt":{"rendered":"<p>Ka\u017cdy informatyk, tak jak specjalista w innym zawodzie, np. lekarz, budowlaniec czy ekonomista, wcze\u015bniej czy p\u00f3\u017aniej wybiera swoj\u0105 ulubion\u0105 specjalizacj\u0119. Postrzeganie danego zawodu i zakresu umiej\u0119tno\u015bci, jakimi powinien cechowa\u0107 si\u0119 dany specjalista, mo\u017ce by\u0107 r\u00f3\u017cne u os\u00f3b trzecich. \u017bartobliwe postrzeganie informatyka jako osoby, kt\u00f3ra szybko rozwi\u0105\u017ce problem z drukark\u0105 czy niedzia\u0142aj\u0105c\u0105 myszk\u0105, miejmy nadziej\u0119, pozosta\u0142o &hellip; <a href=\"https:\/\/backup.wieczerzak.pl\/?page_id=97\" class=\"more-link\">Czytaj dalej <span class=\"screen-reader-text\">Ci\u0105g\u0142y rozw\u00f3j<\/span><\/a><\/p>\n","protected":false},"author":1,"featured_media":0,"parent":0,"menu_order":0,"comment_status":"closed","ping_status":"closed","template":"","meta":{"footnotes":""},"_links":{"self":[{"href":"https:\/\/backup.wieczerzak.pl\/index.php?rest_route=\/wp\/v2\/pages\/97"}],"collection":[{"href":"https:\/\/backup.wieczerzak.pl\/index.php?rest_route=\/wp\/v2\/pages"}],"about":[{"href":"https:\/\/backup.wieczerzak.pl\/index.php?rest_route=\/wp\/v2\/types\/page"}],"author":[{"embeddable":true,"href":"https:\/\/backup.wieczerzak.pl\/index.php?rest_route=\/wp\/v2\/users\/1"}],"replies":[{"embeddable":true,"href":"https:\/\/backup.wieczerzak.pl\/index.php?rest_route=%2Fwp%2Fv2%2Fcomments&post=97"}],"version-history":[{"count":3,"href":"https:\/\/backup.wieczerzak.pl\/index.php?rest_route=\/wp\/v2\/pages\/97\/revisions"}],"predecessor-version":[{"id":101,"href":"https:\/\/backup.wieczerzak.pl\/index.php?rest_route=\/wp\/v2\/pages\/97\/revisions\/101"}],"wp:attachment":[{"href":"https:\/\/backup.wieczerzak.pl\/index.php?rest_route=%2Fwp%2Fv2%2Fmedia&parent=97"}],"curies":[{"name":"wp","href":"https:\/\/api.w.org\/{rel}","templated":true}]}}